{"id":1050,"date":"2025-04-15T21:03:05","date_gmt":"2025-04-15T20:03:05","guid":{"rendered":"https:\/\/electriclifebook.com\/?page_id=1050"},"modified":"2025-09-14T21:51:41","modified_gmt":"2025-09-14T20:51:41","slug":"sources-of-food-for-the-feet","status":"publish","type":"page","link":"https:\/\/electriclifebook.com\/?page_id=1050","title":{"rendered":"Sources of food for the feet"},"content":{"rendered":"\n\n\n<p><em>Brown D, Chevalier G, Hill M &#8211; Pilot study on the effect of grounding on delayed-onset muscle soreness &#8211; J Altern Complem Med 2010;16:265-273 &#8211; 2010<\/em><\/p>\n\n\n\n<p><em>Chevalier G, Mori K, Oschman JL &#8211; The effect of earthing (grounding) on human physiology, part 1 and 2 &#8211; Eur Biol Bioelectromagnetics 2006, January: 600\u2013621 and Energy Med 2008;18:11\u201334 \u2013 2006\/2008<\/em><\/p>\n\n\n\n<p><em>Chevalier G &#8211; Changes in pulse rate, respiratory rate, blood oxygenation, perfusion index, skin conductance and their variability induced during and after grounding human subjects for 40 minutes &#8211; J Altern Complement Med 2010;16: 81\u201387 \u2013 2010<\/em><\/p>\n\n\n\n<p><em>Chevalier G, Sinatra S.&nbsp;Emotional stress, heart rate variability, grounding, and improved autonomic tone: clinical applications.&nbsp;Integrative Medicine: A Clinician\u2019s Journal.&nbsp;2011;10(3) &#8211; 2011<\/em><\/p>\n\n\n\n<p><em>Chevalier G, Sinatra ST, Oschman JL, Sokal K, Sokal P &#8211; Earthing: health implications of reconnecting the human body to the Earth\u2019s surface electrons. J Environ Public Health 2012;2012:291541 &#8211; 2012<\/em><\/p>\n\n\n\n<p><em>Chevalier G, Sinatra ST, Oschman JL, Delany RM&nbsp; &#8211; Earthing (Grounding) the Human Body Reduces Blood Viscosity \u2013 A Major Factor in Cardiovascular Disease\u2019&nbsp;The Journal of Alternative and Complementary Medicine, volume 19 number 2, pp 102-110 &#8211; doi:10.1089\/acm.2011.0820 &#8211; 2013<\/em><\/p>\n\n\n\n<p><em>Doheny KK, Palmer C, Browning KN, Jairath P, Liao D, He F, Travagli RA &#8211;&nbsp;Diminished vagal tone is a predictive biomarker of necrotizing enterocolitis-risk in preterm infants &#8211;&nbsp;Neurogastroenterol Motil.&nbsp;2014;26:832\u2013840 &#8211; 2014<\/em><\/p>\n\n\n\n<p><em>Feynman R, Leighton R, Sands M &#8211; The Feynman Lectures on Physics.&nbsp;II &#8211; Boston, Mass, USA: Addison-Wesley; 1963<\/em><\/p>\n\n\n\n<p><em>Ghaly M, Teplitz D &#8211; The biological effects of grounding the human body during sleep, as measured by cortisol levels and subjective reporting of sleep, pain, and stress \u2013 Journal of Alternative and Complementary Medicine 2004;10:767-776 \u2013 2004<\/em><\/p>\n\n\n\n<p><em>Haldoupis C, Rycroft M, Williams E, Price C &#8211; Is the Earth-ionosphere capacitor a valid component in the atmospheric global electric circuit? &#8211; J Atmos Sol Terr Phys 164:127\u2013131 &#8211; 2017<\/em><\/p>\n\n\n\n<p><em>Hunting ER, Matthews J, de Arr\u00f3yabe Hern\u00e1ez PF,&nbsp;et al. &#8211; Challenges in coupling atmospheric electricity with biological systems &#8211; Int J Biometeorol&nbsp;65,&nbsp;45\u201358 (2021) &#8211;<\/em><a href=\"https:\/\/doi.org\/10.1007\/s00484-020-01960-7%2520-%25202020\"> doi.org\/10.1007\/s00484-020-01960-7 &#8211; 2020<\/a><\/p>\n\n\n\n<p><em>Menigoza W, Latzb TT, Elyc RA, Kameid C, Melvine G, Sinatra D&nbsp; &#8211; Integrative and lifestyle medicine strategies should include Earthing (grounding): Review of research evidence and clinical observations \u2013 doi.org\/10.1016\/j.explore.2019.10.005 \u2013 2020<\/em><\/p>\n\n\n\n<p><em>M\u00fcller E, Pr\u00f6ller P, Ferreira-Briza F, Aglas L, St\u00f6ggl T &#8211;&nbsp;Effectiveness of Grounded Sleeping on Recovery After Intensive Eccentric Muscle Loading &#8211; Front Physiol. 2019 Jan 28;10:35 &#8211; 2019<\/em><\/p>\n\n\n\n<p><em>Ober C &#8211; Grounding the human body to neutralize bioelectrical stress from static electricity and EMFs.&nbsp;ESD Journal &#8211;&nbsp;<\/em><a href=\"http:\/\/www.esdjournal.com\/articles\/cober\/ground.htm\"><em>http:\/\/www.esdjournal.com\/articles\/cober\/ground.htm<\/em><\/a><em> &#8211; January 2000&nbsp;<\/em><\/p>\n\n\n\n<p><em>Ober C, Sinatra ST, Zucker M \u2013 BOOK: Earthing: The Most Important Health Discovery Ever!&nbsp;\u2013 ISBN 1591203740 Paperback &#8211; 2010<\/em><\/p>\n\n\n\n<p><em>Ober C \u2013 The earthing movie: down to earth (15 minutes), 2020 &#8211; <\/em><a href=\"https:\/\/www.youtube.com\/watch?v=EcHEWH8Eh0Q\"><em>https:\/\/www.youtube.com\/watch?v=EcHEWH8Eh0Q<\/em><\/a><\/p>\n\n\n\n<p><em>Ober C &#8211; The Earthing Movie: The Remarkable Science of Grounding (full documentary 75 minutes), 2020 &#8211;&nbsp;<\/em><\/p>\n\n\n\n<figure class=\"wp-block-embed is-type-video is-provider-youtube wp-block-embed-youtube wp-embed-aspect-16-9 wp-has-aspect-ratio\"><div class=\"wp-block-embed__wrapper\">\n<iframe title=\"The Earthing Movie: The Remarkable Science of Grounding (full documentary)\" width=\"500\" height=\"281\" src=\"https:\/\/www.youtube.com\/embed\/44ddtR0XDVU?feature=oembed\" frameborder=\"0\" allow=\"accelerometer; autoplay; clipboard-write; encrypted-media; gyroscope; picture-in-picture; web-share\" referrerpolicy=\"strict-origin-when-cross-origin\" allowfullscreen><\/iframe>\n<\/div><\/figure>\n\n\n\n<ul class=\"wp-block-list\">\n<li><em>Ober C \u2013 Interview: Grounding: the most important health discovery ever! &#8211;&nbsp;<\/em><\/li>\n<\/ul>\n\n\n\n<figure class=\"wp-block-embed is-type-video is-provider-youtube wp-block-embed-youtube wp-embed-aspect-16-9 wp-has-aspect-ratio\"><div class=\"wp-block-embed__wrapper\">\n<iframe title=\"Ep. 340 | Grounding: The Most Important Health Discovery Ever!\" width=\"500\" height=\"281\" src=\"https:\/\/www.youtube.com\/embed\/jDhqkkgCGnI?feature=oembed\" frameborder=\"0\" allow=\"accelerometer; autoplay; clipboard-write; encrypted-media; gyroscope; picture-in-picture; web-share\" referrerpolicy=\"strict-origin-when-cross-origin\" allowfullscreen><\/iframe>\n<\/div><\/figure>\n\n\n\n<p><em>Oschman JL: Can electrons act as antioxidants? A review and commentary. J Altern Complement Med 2007;13:955-967 &#8211; 2007<\/em><\/p>\n\n\n\n<p><em>Oschman JL, Chevalier G, Brown R &#8211; The effects of grounding (earthing) on inflammation, the immune response, wound healing, and prevention and treatment of chronic inflammatory and autoimmune diseases &#8211; J Inflamm Res 2015;8:83-96 &#8211; 2015<\/em><\/p>\n\n\n\n<p><em>Passi R, Doheny KK, Gordin Y, Hinssen H, Palmer C &#8211; Electrical Grounding Improves Vagal Tone in Preterm Infants &#8211; Neonatology 2017;112:187-192 &#8211; doi:10.1159\/000475744 &#8211; 12 April 2017<\/em><\/p>\n\n\n\n<p><em>Rycroft MJ, Harrison RG, Nicoll KA, Mareev EA &#8211; An overview of Earth\u2019s global electric circuit and atmospheric conductivity &#8211; In: Planetary atmospheric electricity. Springer, New York, pp 83\u2013105 &#8211; 2008<\/em><\/p>\n\n\n\n<p><em>Sinatra ST &#8211; Dr. Steve Sinatra on Earthing: Pt. 1, 2013<\/em><\/p>\n\n\n\n<figure class=\"wp-block-embed is-type-video is-provider-youtube wp-block-embed-youtube wp-embed-aspect-16-9 wp-has-aspect-ratio\"><div class=\"wp-block-embed__wrapper\">\n<iframe title=\"The Dr. Meade Show - Dr. Steve Sinatra on &quot;Earthing&quot; : Pt. 1\" width=\"500\" height=\"281\" src=\"https:\/\/www.youtube.com\/embed\/vQHG4lLh4gc?feature=oembed\" frameborder=\"0\" allow=\"accelerometer; autoplay; clipboard-write; encrypted-media; gyroscope; picture-in-picture; web-share\" referrerpolicy=\"strict-origin-when-cross-origin\" allowfullscreen><\/iframe>\n<\/div><\/figure>\n\n\n\n<p><em>Williams E, Mareev E &#8211; Recent progress on the global electrical circuit. Atmos Res 135\u2013136:208\u2013227 \u2013 2014<\/em><\/p>\n\n\n\n<p><em>Sinatra ST,&nbsp;Sinatra DS, Chevalier G &#8211; Grounding \u2013 The universal anti-inflammatory remedy &#8211; <\/em><a href=\"https:\/\/doi.org\/10.1016\/j.bj.2022.12.002\"><em>doi.org\/10.1016\/j.bj.2022.12.002<\/em><\/a><em> &#8211; 2022<\/em><\/p>\n\n\n\n<p><em>Sokal K, Sokal P &#8211; Earthing the human organism influences bioelectrical processes &#8211; The JOAACM, Volume 18, Number 3, 2012, pp. 229-234 &#8211; doi:10.1089\/acm.2010.0683 &#8211; 2012<\/em><\/p>\n\n\n\n<p><em>Ultimate Longevity LLC &#8211; Grounding research &#8211; study summaries &#8211; 2021<\/em><\/p>\n","protected":false},"excerpt":{"rendered":"<p>Brown D, Chevalier G, Hill M &#8211; Pilot study on the effect of grounding on delayed-onset muscle soreness &#8211; J Altern Complem Med 2010;16:265-273 &#8211; 2010 Chevalier G, Mori K, [&hellip;]<\/p>\n","protected":false},"author":2,"featured_media":1444,"parent":0,"menu_order":0,"comment_status":"closed","ping_status":"closed","template":"","meta":{"saved_in_kubio":false,"_price":"","_stock":"","_tribe_ticket_header":"","_tribe_default_ticket_provider":"","_tribe_ticket_capacity":"0","_ticket_start_date":"","_ticket_end_date":"","_tribe_ticket_show_description":"","_tribe_ticket_show_not_going":false,"_tribe_ticket_use_global_stock":"","_tribe_ticket_global_stock_level":"","_global_stock_mode":"","_global_stock_cap":"","_tribe_rsvp_for_event":"","_tribe_ticket_going_count":"","_tribe_ticket_not_going_count":"","_tribe_tickets_list":"[]","_tribe_ticket_has_attendee_info_fields":false,"footnotes":"","_tec_slr_enabled":"","_tec_slr_layout":""},"class_list":["post-1050","page","type-page","status-publish","has-post-thumbnail","hentry"],"kubio_ai_page_context":{"short_desc":"","purpose":"general"},"ticketed":false,"_links":{"self":[{"href":"https:\/\/electriclifebook.com\/index.php?rest_route=\/wp\/v2\/pages\/1050","targetHints":{"allow":["GET"]}}],"collection":[{"href":"https:\/\/electriclifebook.com\/index.php?rest_route=\/wp\/v2\/pages"}],"about":[{"href":"https:\/\/electriclifebook.com\/index.php?rest_route=\/wp\/v2\/types\/page"}],"author":[{"embeddable":true,"href":"https:\/\/electriclifebook.com\/index.php?rest_route=\/wp\/v2\/users\/2"}],"replies":[{"embeddable":true,"href":"https:\/\/electriclifebook.com\/index.php?rest_route=%2Fwp%2Fv2%2Fcomments&post=1050"}],"version-history":[{"count":4,"href":"https:\/\/electriclifebook.com\/index.php?rest_route=\/wp\/v2\/pages\/1050\/revisions"}],"predecessor-version":[{"id":1446,"href":"https:\/\/electriclifebook.com\/index.php?rest_route=\/wp\/v2\/pages\/1050\/revisions\/1446"}],"wp:featuredmedia":[{"embeddable":true,"href":"https:\/\/electriclifebook.com\/index.php?rest_route=\/wp\/v2\/media\/1444"}],"wp:attachment":[{"href":"https:\/\/electriclifebook.com\/index.php?rest_route=%2Fwp%2Fv2%2Fmedia&parent=1050"}],"curies":[{"name":"wp","href":"https:\/\/api.w.org\/{rel}","templated":true}]}}